{"id":15066,"date":"2024-05-24T20:20:25","date_gmt":"2024-05-25T01:20:25","guid":{"rendered":"https:\/\/campestrebucaramanga.com\/?page_id=15066"},"modified":"2024-07-18T17:30:43","modified_gmt":"2024-07-18T22:30:43","slug":"descubresantander","status":"publish","type":"page","link":"https:\/\/campestrebucaramanga.com\/en\/descubresantander\/","title":{"rendered":"Descubre Santander"},"content":{"rendered":"<div data-elementor-type=\"wp-page\" data-elementor-id=\"15066\" class=\"elementor elementor-15066\" data-elementor-settings=\"{&quot;ha_cmc_init_switcher&quot;:&quot;no&quot;}\" data-elementor-post-type=\"page\">\n\t\t\t\t<div class=\"elementor-element elementor-element-5e9795a e-flex e-con-boxed e-con e-parent\" data-id=\"5e9795a\" data-element_type=\"container\" data-settings=\"{&quot;background_background&quot;:&quot;classic&quot;,&quot;_ha_eqh_enable&quot;:false}\">\n\t\t\t\t\t<div class=\"e-con-inner\">\n\t\t\t\t<div class=\"elementor-element elementor-element-1a08a85 elementor-widget elementor-widget-video\" data-id=\"1a08a85\" data-element_type=\"widget\" data-settings=\"{&quot;youtube_url&quot;:&quot;https:\\\/\\\/www.youtube.com\\\/watch?v=1gmnROwROsk&amp;ab_channel=C%C3%A1maradeComerciodeBucaramanga&quot;,&quot;autoplay&quot;:&quot;yes&quot;,&quot;video_type&quot;:&quot;youtube&quot;,&quot;controls&quot;:&quot;yes&quot;}\" data-widget_type=\"video.default\">\n\t\t\t\t<div class=\"elementor-widget-container\">\n\t\t\t\t\t\t\t<div class=\"elementor-wrapper elementor-open-inline\">\n\t\t\t<div class=\"elementor-video\"><\/div>\t\t<\/div>\n\t\t\t\t\t\t<\/div>\n\t\t\t\t<\/div>\n\t\t\t\t\t<\/div>\n\t\t\t\t<\/div>\n\t\t<div class=\"elementor-element elementor-element-cb7a4de e-flex e-con-boxed e-con e-parent\" data-id=\"cb7a4de\" data-element_type=\"container\" data-settings=\"{&quot;background_background&quot;:&quot;classic&quot;,&quot;_ha_eqh_enable&quot;:false}\">\n\t\t\t\t\t<div class=\"e-con-inner\">\n\t\t\t\t<div class=\"elementor-element elementor-element-9da4352 elementor-widget elementor-widget-video\" data-id=\"9da4352\" data-element_type=\"widget\" data-settings=\"{&quot;youtube_url&quot;:&quot;https:\\\/\\\/www.youtube.com\\\/watch?v=U8rd50ZvaLk&amp;t=4s&quot;,&quot;video_type&quot;:&quot;youtube&quot;,&quot;controls&quot;:&quot;yes&quot;}\" data-widget_type=\"video.default\">\n\t\t\t\t<div class=\"elementor-widget-container\">\n\t\t\t\t\t\t\t<div class=\"elementor-wrapper elementor-open-inline\">\n\t\t\t<div class=\"elementor-video\"><\/div>\t\t<\/div>\n\t\t\t\t\t\t<\/div>\n\t\t\t\t<\/div>\n\t\t\t\t\t<\/div>\n\t\t\t\t<\/div>\n\t\t<div class=\"elementor-element elementor-element-713bc51 e-flex e-con-boxed e-con e-parent\" data-id=\"713bc51\" data-element_type=\"container\" data-settings=\"{&quot;background_background&quot;:&quot;classic&quot;,&quot;_ha_eqh_enable&quot;:false}\">\n\t\t\t\t\t<div class=\"e-con-inner\">\n\t\t\t\t<div class=\"elementor-element elementor-element-4722474 elementor-widget elementor-widget-video\" data-id=\"4722474\" data-element_type=\"widget\" data-settings=\"{&quot;youtube_url&quot;:&quot;https:\\\/\\\/www.youtube.com\\\/watch?v=pbbHb86xaj8&amp;t=7s&quot;,&quot;video_type&quot;:&quot;youtube&quot;,&quot;controls&quot;:&quot;yes&quot;}\" data-widget_type=\"video.default\">\n\t\t\t\t<div class=\"elementor-widget-container\">\n\t\t\t\t\t\t\t<div class=\"elementor-wrapper elementor-open-inline\">\n\t\t\t<div class=\"elementor-video\"><\/div>\t\t<\/div>\n\t\t\t\t\t\t<\/div>\n\t\t\t\t<\/div>\n\t\t\t\t\t<\/div>\n\t\t\t\t<\/div>\n\t\t<div class=\"elementor-element elementor-element-a32e3ea e-flex e-con-boxed e-con e-parent\" data-id=\"a32e3ea\" data-element_type=\"container\" data-settings=\"{&quot;_ha_eqh_enable&quot;:false}\">\n\t\t\t\t\t<div class=\"e-con-inner\">\n\t\t\t\t<div class=\"elementor-element elementor-element-6880676 elementor-widget elementor-widget-text-editor\" data-id=\"6880676\" data-element_type=\"widget\" data-widget_type=\"text-editor.default\">\n\t\t\t\t<div class=\"elementor-widget-container\">\n\t\t\t\t\t\t\t\t\t<h3 style=\"text-align: center;\"><span style=\"color: #008000;\">\u00a0<strong>Santander, Colombia: Un Destino Tur\u00edstico de Nivel Mundial<\/strong><\/span><\/h3><p style=\"text-align: left;\"><span style=\"color: #333333;\">Ubicado en el coraz\u00f3n de Colombia, Santander se erige como un destino tur\u00edstico de clase mundial, ofreciendo una combinaci\u00f3n \u00fanica de paisajes espectaculares, historia y aventuras emocionantes. Desde sus impresionantes ca\u00f1ones y monta\u00f1as hasta sus pintorescos pueblos coloniales, Santander es un para\u00edso para los amantes de la naturaleza y la cultura.<\/span><\/p><p>\u00a0<\/p>\t\t\t\t\t\t\t\t<\/div>\n\t\t\t\t<\/div>\n\t\t\t\t<div class=\"elementor-element elementor-element-bd6d810 elementor-align-center elementor-widget elementor-widget-button\" data-id=\"bd6d810\" data-element_type=\"widget\" data-widget_type=\"button.default\">\n\t\t\t\t<div class=\"elementor-widget-container\">\n\t\t\t\t\t\t\t\t\t<div class=\"elementor-button-wrapper\">\n\t\t\t\t\t<a class=\"elementor-button elementor-button-link elementor-size-sm\" href=\"http:\/\/campestrebucaramanga.com\/wp-content\/uploads\/2024\/06\/Receptivos-desde-y-hasta-Barichara-2024.docx.pdf\" target=\"_blank\">\n\t\t\t\t\t\t<span class=\"elementor-button-content-wrapper\">\n\t\t\t\t\t\t\t\t\t<span class=\"elementor-button-text\">Planes en Barichara, Santander<\/span>\n\t\t\t\t\t<\/span>\n\t\t\t\t\t<\/a>\n\t\t\t\t<\/div>\n\t\t\t\t\t\t\t\t<\/div>\n\t\t\t\t<\/div>\n\t\t\t\t<div class=\"elementor-element elementor-element-adef939 elementor-align-center elementor-widget elementor-widget-button\" data-id=\"adef939\" data-element_type=\"widget\" data-widget_type=\"button.default\">\n\t\t\t\t<div class=\"elementor-widget-container\">\n\t\t\t\t\t\t\t\t\t<div class=\"elementor-button-wrapper\">\n\t\t\t\t\t<a class=\"elementor-button elementor-button-link elementor-size-sm\" href=\"http:\/\/campestrebucaramanga.com\/wp-content\/uploads\/2024\/06\/Receptivos-desde-San-Gil-programas-Historico-culturales-2024.doc.pdf\" target=\"_blank\">\n\t\t\t\t\t\t<span class=\"elementor-button-content-wrapper\">\n\t\t\t\t\t\t\t\t\t<span class=\"elementor-button-text\">Planes en San Gil, Santander<\/span>\n\t\t\t\t\t<\/span>\n\t\t\t\t\t<\/a>\n\t\t\t\t<\/div>\n\t\t\t\t\t\t\t\t<\/div>\n\t\t\t\t<\/div>\n\t\t\t\t<div class=\"elementor-element elementor-element-da12a38 elementor-align-center elementor-widget elementor-widget-button\" data-id=\"da12a38\" data-element_type=\"widget\" data-widget_type=\"button.default\">\n\t\t\t\t<div class=\"elementor-widget-container\">\n\t\t\t\t\t\t\t\t\t<div class=\"elementor-button-wrapper\">\n\t\t\t\t\t<a class=\"elementor-button elementor-button-link elementor-size-sm\" href=\"http:\/\/campestrebucaramanga.com\/wp-content\/uploads\/2024\/06\/BGA-Salidas-programadas-2024-1.pdf\" target=\"_blank\">\n\t\t\t\t\t\t<span class=\"elementor-button-content-wrapper\">\n\t\t\t\t\t\t\t\t\t<span class=\"elementor-button-text\">Salidas Tur\u00edsticas Programadas<\/span>\n\t\t\t\t\t<\/span>\n\t\t\t\t\t<\/a>\n\t\t\t\t<\/div>\n\t\t\t\t\t\t\t\t<\/div>\n\t\t\t\t<\/div>\n\t\t\t\t<div class=\"elementor-element elementor-element-03ded5f elementor-align-center elementor-widget elementor-widget-button\" data-id=\"03ded5f\" data-element_type=\"widget\" data-widget_type=\"button.default\">\n\t\t\t\t<div class=\"elementor-widget-container\">\n\t\t\t\t\t\t\t\t\t<div class=\"elementor-button-wrapper\">\n\t\t\t\t\t<a class=\"elementor-button elementor-button-link elementor-size-sm\" href=\"http:\/\/campestrebucaramanga.com\/wp-content\/uploads\/2024\/06\/BGA-Traslados-tarifa-comercial-2024-3.pdf\" target=\"_blank\">\n\t\t\t\t\t\t<span class=\"elementor-button-content-wrapper\">\n\t\t\t\t\t\t\t\t\t<span class=\"elementor-button-text\">Traslados tarifas<\/span>\n\t\t\t\t\t<\/span>\n\t\t\t\t\t<\/a>\n\t\t\t\t<\/div>\n\t\t\t\t\t\t\t\t<\/div>\n\t\t\t\t<\/div>\n\t\t\t\t\t<\/div>\n\t\t\t\t<\/div>\n\t\t\t\t<\/div>","protected":false},"excerpt":{"rendered":"<p>\u00a0Santander, Colombia: Un Destino Tur\u00edstico de Nivel Mundial Ubicado en el coraz\u00f3n de Colombia, Santander se erige como un destino tur\u00edstico de clase mundial, ofreciendo una combinaci\u00f3n \u00fanica de paisajes espectaculares, historia y aventuras emocionantes. Desde sus impresionantes ca\u00f1ones y monta\u00f1as hasta sus pintorescos pueblos coloniales, Santander es un para\u00edso para los amantes de la [&hellip;]<\/p>","protected":false},"author":1,"featured_media":0,"parent":0,"menu_order":0,"comment_status":"closed","ping_status":"closed","template":"elementor_header_footer","meta":{"footnotes":""},"class_list":["post-15066","page","type-page","status-publish","hentry"],"_links":{"self":[{"href":"https:\/\/campestrebucaramanga.com\/en\/wp-json\/wp\/v2\/pages\/15066","targetHints":{"allow":["GET"]}}],"collection":[{"href":"https:\/\/campestrebucaramanga.com\/en\/wp-json\/wp\/v2\/pages"}],"about":[{"href":"https:\/\/campestrebucaramanga.com\/en\/wp-json\/wp\/v2\/types\/page"}],"author":[{"embeddable":true,"href":"https:\/\/campestrebucaramanga.com\/en\/wp-json\/wp\/v2\/users\/1"}],"replies":[{"embeddable":true,"href":"https:\/\/campestrebucaramanga.com\/en\/wp-json\/wp\/v2\/comments?post=15066"}],"version-history":[{"count":32,"href":"https:\/\/campestrebucaramanga.com\/en\/wp-json\/wp\/v2\/pages\/15066\/revisions"}],"predecessor-version":[{"id":16089,"href":"https:\/\/campestrebucaramanga.com\/en\/wp-json\/wp\/v2\/pages\/15066\/revisions\/16089"}],"wp:attachment":[{"href":"https:\/\/campestrebucaramanga.com\/en\/wp-json\/wp\/v2\/media?parent=15066"}],"curies":[{"name":"wp","href":"https:\/\/api.w.org\/{rel}","templated":true}]}}