{"id":16509,"date":"2025-03-19T15:42:51","date_gmt":"2025-03-19T20:42:51","guid":{"rendered":"https:\/\/campestrebucaramanga.com\/?page_id=16509"},"modified":"2025-03-27T13:29:03","modified_gmt":"2025-03-27T18:29:03","slug":"licitaciones","status":"publish","type":"page","link":"https:\/\/campestrebucaramanga.com\/en\/licitaciones\/","title":{"rendered":"Licitaciones"},"content":{"rendered":"<div data-elementor-type=\"wp-page\" data-elementor-id=\"16509\" class=\"elementor elementor-16509\" data-elementor-settings=\"{&quot;ha_cmc_init_switcher&quot;:&quot;no&quot;}\" data-elementor-post-type=\"page\">\n\t\t\t\t<div class=\"elementor-element elementor-element-a32e3ea e-flex e-con-boxed e-con e-parent\" data-id=\"a32e3ea\" data-element_type=\"container\" data-settings=\"{&quot;_ha_eqh_enable&quot;:false}\">\n\t\t\t\t\t<div class=\"e-con-inner\">\n\t\t\t\t<div class=\"elementor-element elementor-element-6880676 elementor-widget elementor-widget-text-editor\" data-id=\"6880676\" data-element_type=\"widget\" data-widget_type=\"text-editor.default\">\n\t\t\t\t<div class=\"elementor-widget-container\">\n\t\t\t\t\t\t\t\t\t<h3 style=\"text-align: center;\">DEMOLICI\u00d3N ZONA DE TALLERES Y CUARTO DE TACOS DE GOLF DEL CLUB CAMPESTRE DE BUCARAMANGA<\/h3><p style=\"text-align: left;\"><span style=\"color: #333333;\">El Club Campestre de Bucaramanga S.A., invita a presentar propuesta para la elecci\u00f3n del Contratista para \u201cDEMOLICION ZONA DE TALLERES Y TACOS DE GOLF DEL CLUB CAMPESTRE DE BUCARAMANGA\u201d. El presente proceso est\u00e1 dirigido a seleccionar El Contratista que cumpla con los t\u00e9rminos establecidos, en los cuales se fijan los requisitos para participar, as\u00ed como las condiciones generales del objeto de la contrataci\u00f3n.<\/span><\/p>\t\t\t\t\t\t\t\t<\/div>\n\t\t\t\t<\/div>\n\t\t\t\t<div class=\"elementor-element elementor-element-bd6d810 elementor-align-center elementor-widget elementor-widget-button\" data-id=\"bd6d810\" data-element_type=\"widget\" data-widget_type=\"button.default\">\n\t\t\t\t<div class=\"elementor-widget-container\">\n\t\t\t\t\t\t\t\t\t<div class=\"elementor-button-wrapper\">\n\t\t\t\t\t<a class=\"elementor-button elementor-button-link elementor-size-sm\" href=\"http:\/\/campestrebucaramanga.com\/wp-content\/uploads\/2025\/03\/TERMINOS-DE-REFERENCIA-DEMOLICION-ZONA-TENIS-1.pdf\" target=\"_blank\">\n\t\t\t\t\t\t<span class=\"elementor-button-content-wrapper\">\n\t\t\t\t\t\t\t\t\t<span class=\"elementor-button-text\">T\u00e9rminos de referencia.<\/span>\n\t\t\t\t\t<\/span>\n\t\t\t\t\t<\/a>\n\t\t\t\t<\/div>\n\t\t\t\t\t\t\t\t<\/div>\n\t\t\t\t<\/div>\n\t\t\t\t<div class=\"elementor-element elementor-element-adef939 elementor-align-center elementor-widget elementor-widget-button\" data-id=\"adef939\" data-element_type=\"widget\" data-widget_type=\"button.default\">\n\t\t\t\t<div class=\"elementor-widget-container\">\n\t\t\t\t\t\t\t\t\t<div class=\"elementor-button-wrapper\">\n\t\t\t\t\t<a class=\"elementor-button elementor-button-link elementor-size-sm\" href=\"http:\/\/campestrebucaramanga.com\/wp-content\/uploads\/2025\/03\/ANEXO-A-TERMINOS-REFERENCIA-DEMOLICIONES.pdf\" target=\"_blank\">\n\t\t\t\t\t\t<span class=\"elementor-button-content-wrapper\">\n\t\t\t\t\t\t\t\t\t<span class=\"elementor-button-text\">Anexo a t\u00e9rminos de referencia.<\/span>\n\t\t\t\t\t<\/span>\n\t\t\t\t\t<\/a>\n\t\t\t\t<\/div>\n\t\t\t\t\t\t\t\t<\/div>\n\t\t\t\t<\/div>\n\t\t\t\t<div class=\"elementor-element elementor-element-a73fec8 elementor-widget elementor-widget-text-editor\" data-id=\"a73fec8\" data-element_type=\"widget\" data-widget_type=\"text-editor.default\">\n\t\t\t\t<div class=\"elementor-widget-container\">\n\t\t\t\t\t\t\t\t\t<h3 style=\"text-align: center;\">MOVIMIENTO DE TIERRAS PARA LA CONSTRUCCI\u00d3N DE LAS CANCHAS DE TENIS DEL CLUB CAMPESTRE DE BUCARAMANGA<\/h3>\n<p style=\"text-align: left;\"><span style=\"color: #333333;\">El Club Campestre de Bucaramanga S.A., invita a presentar propuesta para la elecci\u00f3n del Contratista para \u201cMOVIMIENTO DE TIERRAS PARA LA CONSTRUCCION DE LAS CANCHAS DE TENIS DEL CLUB CAMPESTRE DE BUCARAMANGA\u201d. <\/span><span style=\"color: #333333;\">El presente proceso est\u00e1 dirigido a seleccionar El Contratista que cumpla con los t\u00e9rminos establecidos, en los cuales se fijan los requisitos para participar, as\u00ed como las condiciones generales del objeto de la contrataci\u00f3n.<\/span><\/p>\t\t\t\t\t\t\t\t<\/div>\n\t\t\t\t<\/div>\n\t\t\t\t<div class=\"elementor-element elementor-element-2d8d2ba elementor-align-center elementor-widget elementor-widget-button\" data-id=\"2d8d2ba\" data-element_type=\"widget\" data-widget_type=\"button.default\">\n\t\t\t\t<div class=\"elementor-widget-container\">\n\t\t\t\t\t\t\t\t\t<div class=\"elementor-button-wrapper\">\n\t\t\t\t\t<a class=\"elementor-button elementor-button-link elementor-size-sm\" href=\"http:\/\/campestrebucaramanga.com\/wp-content\/uploads\/2025\/03\/Terminos-de-Referencia-MOVIMIENTO-DE-TIERRAS-ZONA-TENIS-PUBLICAR-WEB-CLUB-CAMPESTRE.pdf\" target=\"_blank\">\n\t\t\t\t\t\t<span class=\"elementor-button-content-wrapper\">\n\t\t\t\t\t\t\t\t\t<span class=\"elementor-button-text\">T\u00e9rminos de referencia.<\/span>\n\t\t\t\t\t<\/span>\n\t\t\t\t\t<\/a>\n\t\t\t\t<\/div>\n\t\t\t\t\t\t\t\t<\/div>\n\t\t\t\t<\/div>\n\t\t\t\t<div class=\"elementor-element elementor-element-d44b9c6 elementor-align-center elementor-widget elementor-widget-button\" data-id=\"d44b9c6\" data-element_type=\"widget\" data-widget_type=\"button.default\">\n\t\t\t\t<div class=\"elementor-widget-container\">\n\t\t\t\t\t\t\t\t\t<div class=\"elementor-button-wrapper\">\n\t\t\t\t\t<a class=\"elementor-button elementor-button-link elementor-size-sm\" href=\"http:\/\/campestrebucaramanga.com\/wp-content\/uploads\/2025\/03\/ANEXO-A-TERMINOS-DE-REFERENCIA-MOVIMIENTO-DE-TIERRAS-PARA-CONSTRUCCION-DE-CANCHAS-DE-TENIS.pdf\" target=\"_blank\">\n\t\t\t\t\t\t<span class=\"elementor-button-content-wrapper\">\n\t\t\t\t\t\t\t\t\t<span class=\"elementor-button-text\">Anexo a t\u00e9rminos de referencia.<\/span>\n\t\t\t\t\t<\/span>\n\t\t\t\t\t<\/a>\n\t\t\t\t<\/div>\n\t\t\t\t\t\t\t\t<\/div>\n\t\t\t\t<\/div>\n\t\t\t\t<div class=\"elementor-element elementor-element-1333761 elementor-align-center elementor-widget elementor-widget-button\" data-id=\"1333761\" data-element_type=\"widget\" data-widget_type=\"button.default\">\n\t\t\t\t<div class=\"elementor-widget-container\">\n\t\t\t\t\t\t\t\t\t<div class=\"elementor-button-wrapper\">\n\t\t\t\t\t<a class=\"elementor-button elementor-button-link elementor-size-sm\" href=\"http:\/\/campestrebucaramanga.com\/wp-content\/uploads\/2025\/03\/ADENDA-No-01-MOVIMIENTO-DE-TIERRAS-ZONA-TENIS-PUBLICAR-WEB-CLUB-CAMPESTRE.pdf\" target=\"_blank\">\n\t\t\t\t\t\t<span class=\"elementor-button-content-wrapper\">\n\t\t\t\t\t\t\t\t\t<span class=\"elementor-button-text\">Adenda 01.<\/span>\n\t\t\t\t\t<\/span>\n\t\t\t\t\t<\/a>\n\t\t\t\t<\/div>\n\t\t\t\t\t\t\t\t<\/div>\n\t\t\t\t<\/div>\n\t\t\t\t\t<\/div>\n\t\t\t\t<\/div>\n\t\t\t\t<\/div>","protected":false},"excerpt":{"rendered":"<p>DEMOLICI\u00d3N ZONA DE TALLERES Y CUARTO DE TACOS DE GOLF DEL CLUB CAMPESTRE DE BUCARAMANGA El Club Campestre de Bucaramanga S.A., invita a presentar propuesta para la elecci\u00f3n del Contratista para \u201cDEMOLICION ZONA DE TALLERES Y TACOS DE GOLF DEL CLUB CAMPESTRE DE BUCARAMANGA\u201d. El presente proceso est\u00e1 dirigido a seleccionar El Contratista que cumpla [&hellip;]<\/p>","protected":false},"author":1,"featured_media":0,"parent":0,"menu_order":0,"comment_status":"closed","ping_status":"closed","template":"elementor_header_footer","meta":{"footnotes":""},"class_list":["post-16509","page","type-page","status-publish","hentry"],"_links":{"self":[{"href":"https:\/\/campestrebucaramanga.com\/en\/wp-json\/wp\/v2\/pages\/16509","targetHints":{"allow":["GET"]}}],"collection":[{"href":"https:\/\/campestrebucaramanga.com\/en\/wp-json\/wp\/v2\/pages"}],"about":[{"href":"https:\/\/campestrebucaramanga.com\/en\/wp-json\/wp\/v2\/types\/page"}],"author":[{"embeddable":true,"href":"https:\/\/campestrebucaramanga.com\/en\/wp-json\/wp\/v2\/users\/1"}],"replies":[{"embeddable":true,"href":"https:\/\/campestrebucaramanga.com\/en\/wp-json\/wp\/v2\/comments?post=16509"}],"version-history":[{"count":28,"href":"https:\/\/campestrebucaramanga.com\/en\/wp-json\/wp\/v2\/pages\/16509\/revisions"}],"predecessor-version":[{"id":16592,"href":"https:\/\/campestrebucaramanga.com\/en\/wp-json\/wp\/v2\/pages\/16509\/revisions\/16592"}],"wp:attachment":[{"href":"https:\/\/campestrebucaramanga.com\/en\/wp-json\/wp\/v2\/media?parent=16509"}],"curies":[{"name":"wp","href":"https:\/\/api.w.org\/{rel}","templated":true}]}}