{"id":17215,"date":"2026-02-02T19:00:59","date_gmt":"2026-02-03T00:00:59","guid":{"rendered":"https:\/\/campestrebucaramanga.com\/?page_id=17215"},"modified":"2026-02-04T09:29:51","modified_gmt":"2026-02-04T14:29:51","slug":"pagina-de-pruebas","status":"publish","type":"page","link":"https:\/\/campestrebucaramanga.com\/en\/pagina-de-pruebas\/","title":{"rendered":"pagina de pruebas"},"content":{"rendered":"<div data-elementor-type=\"wp-page\" data-elementor-id=\"17215\" class=\"elementor elementor-17215\" data-elementor-settings=\"{&quot;ha_cmc_init_switcher&quot;:&quot;no&quot;}\" data-elementor-post-type=\"page\">\n\t\t\t\t<div class=\"elementor-element elementor-element-8cf54c5 e-flex e-con-boxed e-con e-parent\" data-id=\"8cf54c5\" data-element_type=\"container\" data-settings=\"{&quot;_ha_eqh_enable&quot;:false}\">\n\t\t\t\t\t<div class=\"e-con-inner\">\n\t\t\t\t<div class=\"elementor-element elementor-element-7b87fb0 elementor-widget elementor-widget-ha-cf7 happy-addon ha-cf7\" data-id=\"7b87fb0\" data-element_type=\"widget\" data-widget_type=\"ha-cf7.default\">\n\t\t\t\t<div class=\"elementor-widget-container\">\n\t\t\t\t\t\n<div class=\"wpcf7 no-js\" id=\"wpcf7-f6636-o1\" lang=\"es-CO\" dir=\"ltr\" data-wpcf7-id=\"6636\">\n<div class=\"screen-reader-response\"><p role=\"status\" aria-live=\"polite\" aria-atomic=\"true\"><\/p> <ul><\/ul><\/div>\n<form action=\"\/en\/wp-json\/wp\/v2\/pages\/17215#wpcf7-f6636-o1\" method=\"post\" class=\"wpcf7-form init ha-cf7-form\" aria-label=\"Formulario de contacto\" novalidate=\"novalidate\" data-status=\"init\" data-trp-original-action=\"\/en\/wp-json\/wp\/v2\/pages\/17215#wpcf7-f6636-o1\">\n<fieldset class=\"hidden-fields-container\"><input type=\"hidden\" name=\"_wpcf7\" value=\"6636\" \/><input type=\"hidden\" name=\"_wpcf7_version\" value=\"6.1.4\" \/><input type=\"hidden\" name=\"_wpcf7_locale\" value=\"es_CO\" \/><input type=\"hidden\" name=\"_wpcf7_unit_tag\" value=\"wpcf7-f6636-o1\" \/><input type=\"hidden\" name=\"_wpcf7_container_post\" value=\"0\" \/><input type=\"hidden\" name=\"_wpcf7_posted_data_hash\" value=\"\" \/>\n<\/fieldset>\n<p><span class=\"wpcf7-form-control-wrap\" data-name=\"your-name\"><input size=\"40\" maxlength=\"400\" class=\"wpcf7-form-control wpcf7-text wpcf7-validates-as-required\" autocomplete=\"name\" aria-required=\"true\" aria-invalid=\"false\" placeholder=\"Nombre Completo\" value=\"\" type=\"text\" name=\"your-name\" \/><\/span>\n<\/p>\n<p><span class=\"wpcf7-form-control-wrap\" data-name=\"Celular\"><input size=\"40\" maxlength=\"400\" class=\"wpcf7-form-control wpcf7-tel wpcf7-validates-as-required wpcf7-text wpcf7-validates-as-tel\" aria-required=\"true\" aria-invalid=\"false\" placeholder=\"N\u00famero de Celular\" value=\"\" type=\"tel\" name=\"Celular\" \/><\/span>\n<\/p>\n<p><span class=\"wpcf7-form-control-wrap\" data-name=\"your-email\"><input size=\"40\" maxlength=\"400\" class=\"wpcf7-form-control wpcf7-email wpcf7-validates-as-required wpcf7-text wpcf7-validates-as-email\" autocomplete=\"email\" aria-required=\"true\" aria-invalid=\"false\" placeholder=\"Correo\" value=\"\" type=\"email\" name=\"your-email\" \/><\/span>\n<\/p>\n<p><label>\u00bfEl evento es?<\/label><br \/>\n<span class=\"wpcf7-form-control-wrap\" data-name=\"clasedeevento\"><select class=\"wpcf7-form-control wpcf7-select wpcf7-validates-as-required\" aria-required=\"true\" aria-invalid=\"false\" name=\"clasedeevento\"><option value=\"\">&#8212;Por favor, elige una opci\u00f3n&#8212;<\/option><option value=\"Social\">Social<\/option><option value=\"Empresarial\">Empresarial<\/option><\/select><\/span>\n<\/p>\n<p><label>Fecha del evento<\/label><br \/>\n<span class=\"wpcf7-form-control-wrap\" data-name=\"fechaevento\"><input class=\"wpcf7-form-control wpcf7-date wpcf7-validates-as-required wpcf7-validates-as-date\" id=\"FechadelEvento\" min=\"2024-05-01\" aria-required=\"true\" aria-invalid=\"false\" placeholder=\"Fecha del evento\" value=\"\" type=\"date\" name=\"fechaevento\" \/><\/span>\n<\/p>\n<p><span class=\"wpcf7-form-control-wrap\" data-name=\"Cantidadasistentes\"><input size=\"40\" maxlength=\"400\" class=\"wpcf7-form-control wpcf7-text wpcf7-validates-as-required\" id=\"asistentes\" aria-required=\"true\" aria-invalid=\"false\" placeholder=\"\u00bfCu\u00e1ntos asistentes tiene el evento?\" value=\"\" type=\"text\" name=\"Cantidadasistentes\" \/><\/span>\n<\/p>\n<p><span class=\"wpcf7-form-control-wrap\" data-name=\"TipodeEvento\"><input size=\"40\" maxlength=\"400\" class=\"wpcf7-form-control wpcf7-text wpcf7-validates-as-required\" id=\"tipoevento\" aria-required=\"true\" aria-invalid=\"false\" placeholder=\"\u00bfQu\u00e9 tipo de evento es?\" value=\"\" type=\"text\" name=\"TipodeEvento\" \/><\/span>\n<\/p>\n<p><label>\u00bfCu\u00e1l es el sitio del evento?<\/label><br \/>\n<span class=\"wpcf7-form-control-wrap\" data-name=\"sitiodelevento\"><select class=\"wpcf7-form-control wpcf7-select wpcf7-validates-as-required\" aria-required=\"true\" aria-invalid=\"false\" name=\"sitiodelevento\"><option value=\"\">&#8212;Por favor, elige una opci\u00f3n&#8212;<\/option><option value=\"Sal\u00f3n Principal\">Principal Salon<\/option><option value=\"Sal\u00f3n Fundadores\">Fundadores Salon<\/option><option value=\"Terraza Piscina\">Pool Terrace<\/option><option value=\"Sal\u00f3n M\u00faltiple\">Sal\u00f3n M\u00faltiple<\/option><option value=\"Sal\u00f3n Andalucia\">Andaluc\u00eda Salon<\/option><option value=\"Sala de juntas de Gerencia\">Sala de juntas de Gerencia<\/option><option value=\"Sala de Juntas Andalucia\">Sala de Juntas Andalucia<\/option><option value=\"Casa de Campo\">CASA DE CAMPO<\/option><\/select><\/span>\n<\/p>\n<p><span class=\"wpcf7-form-control-wrap\" data-name=\"TipodeComida\"><input size=\"40\" maxlength=\"400\" class=\"wpcf7-form-control wpcf7-text wpcf7-validates-as-required\" id=\"tipoComida\" aria-required=\"true\" aria-invalid=\"false\" placeholder=\"\u00bfQu\u00e9 tipo de Comida requiere?\" value=\"\" type=\"text\" name=\"TipodeComida\" \/><\/span>\n<\/p>\n<p><span class=\"wpcf7-form-control-wrap\" data-name=\"Presupuestoporpersona\"><input size=\"40\" maxlength=\"400\" class=\"wpcf7-form-control wpcf7-text wpcf7-validates-as-required\" id=\"presupuestoxperson\" aria-required=\"true\" aria-invalid=\"false\" placeholder=\"\u00bfCu\u00e1l es el presupuesto por persona?\" value=\"\" type=\"text\" name=\"Presupuestoporpersona\" \/><\/span>\n<\/p>\n<p><span class=\"wpcf7-form-control-wrap\" data-name=\"observaciones\"><textarea cols=\"40\" rows=\"10\" maxlength=\"2000\" class=\"wpcf7-form-control wpcf7-textarea\" aria-invalid=\"false\" placeholder=\"Observaciones adicionales del evento\" name=\"observaciones\"><\/textarea><\/span><br \/>\n<div class=\"cf7-cf-turnstile\" style=\"margin-top: 0px; margin-bottom: -15px;\"> <div id=\"cf-turnstile-cf7-2130450212\" class=\"cf-turnstile\" data-sitekey=\"0x4AAAAAAB5Kn6sMotpHwOrP\" data-theme=\"light\" data-language=\"auto\" data-size=\"normal\" data-retry=\"auto\" data-retry-interval=\"1000\" data-refresh-expired=\"auto\" data-action=\"contact-form-7\" data-appearance=\"always\"><\/div> <script>document.addEventListener(\"DOMContentLoaded\", function() { setTimeout(function(){ var e=document.getElementById(\"cf-turnstile-cf7-2130450212\"); e&&!e.innerHTML.trim()&&(turnstile.remove(\"#cf-turnstile-cf7-2130450212\"), turnstile.render(\"#cf-turnstile-cf7-2130450212\", {sitekey:\"0x4AAAAAAB5Kn6sMotpHwOrP\"})); }, 100); });<\/script> <br class=\"cf-turnstile-br cf-turnstile-br-cf7-2130450212\"> <style>#cf-turnstile-cf7-2130450212 { margin-left: -15px; }<\/style> <script>document.addEventListener(\"DOMContentLoaded\",function(){document.querySelectorAll('.wpcf7-form').forEach(function(e){e.addEventListener('submit',function(){if(document.getElementById('cf-turnstile-cf7-2130450212')){setTimeout(function(){turnstile.reset('#cf-turnstile-cf7-2130450212');},1000)}})})});<\/script> <\/div><br \/>\n<input class=\"wpcf7-form-control wpcf7-submit has-spinner\" type=\"submit\" value=\"Enviar\" \/>\n<\/p><p style=\"display: none !important;\" class=\"akismet-fields-container\" data-prefix=\"_wpcf7_ak_\"><label>&#916;<textarea name=\"_wpcf7_ak_hp_textarea\" cols=\"45\" rows=\"8\" maxlength=\"100\"><\/textarea><\/label><input type=\"hidden\" id=\"ak_js_1\" name=\"_wpcf7_ak_js\" value=\"17\"\/><script>document.getElementById( \"ak_js_1\" ).setAttribute( \"value\", ( new Date() ).getTime() );<\/script><\/p><div class=\"wpcf7-response-output\" aria-hidden=\"true\"><\/div>\n<input type=\"hidden\" name=\"trp-form-language\" value=\"en\"\/><\/form>\n<\/div>\n\t\t\t\t<\/div>\n\t\t\t\t<\/div>\n\t\t\t\t\t<\/div>\n\t\t\t\t<\/div>\n\t\t\t\t<\/div>","protected":false},"excerpt":{"rendered":"<p>\u00bfEl evento es? &#8212;Por favor, elige una opci\u00f3n&#8212;SocialEmpresarial Fecha del evento \u00bfCu\u00e1l es el sitio del evento? &#8212;Por favor, elige una opci\u00f3n&#8212;Sal\u00f3n PrincipalSal\u00f3n FundadoresTerraza PiscinaSal\u00f3n M\u00faltipleSal\u00f3n AndaluciaSala de juntas de GerenciaSala de Juntas AndaluciaCasa de Campo &#916;<\/p>","protected":false},"author":1,"featured_media":0,"parent":0,"menu_order":0,"comment_status":"closed","ping_status":"closed","template":"","meta":{"footnotes":""},"class_list":["post-17215","page","type-page","status-publish","hentry"],"_links":{"self":[{"href":"https:\/\/campestrebucaramanga.com\/en\/wp-json\/wp\/v2\/pages\/17215","targetHints":{"allow":["GET"]}}],"collection":[{"href":"https:\/\/campestrebucaramanga.com\/en\/wp-json\/wp\/v2\/pages"}],"about":[{"href":"https:\/\/campestrebucaramanga.com\/en\/wp-json\/wp\/v2\/types\/page"}],"author":[{"embeddable":true,"href":"https:\/\/campestrebucaramanga.com\/en\/wp-json\/wp\/v2\/users\/1"}],"replies":[{"embeddable":true,"href":"https:\/\/campestrebucaramanga.com\/en\/wp-json\/wp\/v2\/comments?post=17215"}],"version-history":[{"count":7,"href":"https:\/\/campestrebucaramanga.com\/en\/wp-json\/wp\/v2\/pages\/17215\/revisions"}],"predecessor-version":[{"id":17223,"href":"https:\/\/campestrebucaramanga.com\/en\/wp-json\/wp\/v2\/pages\/17215\/revisions\/17223"}],"wp:attachment":[{"href":"https:\/\/campestrebucaramanga.com\/en\/wp-json\/wp\/v2\/media?parent=17215"}],"curies":[{"name":"wp","href":"https:\/\/api.w.org\/{rel}","templated":true}]}}