{"id":8745,"date":"2024-04-29T17:47:22","date_gmt":"2024-04-29T22:47:22","guid":{"rendered":"https:\/\/campestrebucaramanga.com\/?page_id=8745"},"modified":"2024-06-04T18:23:40","modified_gmt":"2024-06-04T23:23:40","slug":"bares-y-salon-de-juegos-2","status":"publish","type":"page","link":"https:\/\/campestrebucaramanga.com\/en\/bares-y-salon-de-juegos-2\/","title":{"rendered":"BARS AND GAMES ROOM"},"content":{"rendered":"<div data-elementor-type=\"wp-page\" data-elementor-id=\"8745\" class=\"elementor elementor-8745\" data-elementor-settings=\"{&quot;ha_cmc_init_switcher&quot;:&quot;no&quot;}\" data-elementor-post-type=\"page\">\n\t\t\t\t<div class=\"elementor-element elementor-element-7afd7e7 e-con-full e-flex e-con e-parent\" data-id=\"7afd7e7\" data-element_type=\"container\" data-settings=\"{&quot;background_background&quot;:&quot;classic&quot;,&quot;_ha_eqh_enable&quot;:false}\">\n\t\t<div class=\"elementor-element elementor-element-4e5f798 e-con-full e-flex e-con e-child\" data-id=\"4e5f798\" data-element_type=\"container\" data-settings=\"{&quot;_ha_eqh_enable&quot;:false}\">\n\t\t\t\t<div class=\"elementor-element elementor-element-6d66c9b elementor-widget elementor-widget-prime-slider-general\" data-id=\"6d66c9b\" data-element_type=\"widget\" data-widget_type=\"prime-slider-general.default\">\n\t\t\t\t<div class=\"elementor-widget-container\">\n\t\t\t\t\t\t\t<div class=\"bdt-prime-slider\">\n\t\t\t<div class=\"bdt-prime-slider-skin-general\">\n\t\t\t\t<div class=\"bdt-position-relative bdt-visible-toggle\" bdt-slideshow=\"{&quot;animation&quot;:&quot;fade&quot;,&quot;ratio&quot;:&quot;16:9&quot;,&quot;min-height&quot;:325,&quot;autoplay&quot;:true,&quot;autoplay-interval&quot;:8000,&quot;pause-on-hover&quot;:false,&quot;draggable&quot;:true,&quot;velocity&quot;:1,&quot;finite&quot;:false}\" data-settings=\"{&quot;id&quot;:&quot;#bdt-6d66c9b&quot;,&quot;animation_status&quot;:&quot;no&quot;}\" id=\"bdt-6d66c9b\">\n\t\t\t\t\t<ul class=\"bdt-slideshow-items\">\n\t\t\t\t\t\t\n\t\t\t<li\n\t\t\t\tclass=\"bdt-slideshow-item bdt-flex bdt-flex-middle bdt-flex-center elementor-repeater-item-a947855\">\n\t\t\t\t\n\t\t\t\t\t\t\t\t\t\t\t\t\t<iframe src=\"\/\/www.youtube.com\/embed\/vzcUrA8InRc?autoplay=1&#038;mute=1&#038;controls=0&#038;showinfo=0&#038;rel=0&#038;loop=1&#038;modestbranding=1&#038;wmode=transparent&#038;playsinline=1&#038;playlist=vzcUrA8InRc\" allowfullscreen bdt-cover><\/iframe>\n\t\t\t\t\t\t\t\n\t\t\t\t\t\n\t\t\t\t\n\t\t\t\t\t\t<div class=\"bdt-prime-slider-wrapper\">\n\t\t\t<div class=\"bdt-prime-slider-content\">\n\t\t\t\t<div class=\"bdt-prime-slider-desc\">\n\n\t\t\t\t\t\n\t\t\t\t\t\t\t\t\t\t\t<div data-reveal=\"reveal-active\" class=\"bdt-main-title\" data-bdt-slideshow-parallax=\"x: 100,0,-20; opacity: 1,1,0\">\n\t\t\t\t\t\t\t<h1\t\t\t\t\t\t\t\tclass=\"bdt-title-tag\">\n\t\t\t\t\t\t\t\t\t\t\t\t\t\t\t\t\tBARTOLO <br>SPORTS BAR\t\t\t\t\t\t\t\t\t\t\t\t\t\t\t\t<\/h1>\n\t\t\t\t\t\t<\/div>\n\t\t\t\t\t\n\t\t\t\t\t\n\t\t\t\t\t<div data-bdt-slideshow-parallax=\"x: 150,0,-30; opacity: 1,1,0\">\n\t\t\t\t\t\t<div class=\"bdt-btn-wrapper\">\n\t\t\t\t\t\t\t\n\t\t\t\t\t\t\t\t<\/div>\n\t\t\t\t\t<\/div>\n\t\t\t\t<\/div>\n\n\t\t\t\t\t\t\t\t\t<div data-reveal=\"reveal-active\" class=\"bdt-slider-excerpt\" data-bdt-slideshow-parallax=\"y: 50,0,-10; opacity: 1,1,0\">\n\t\t\t\t\t\t<p>The experience increases with our stunning Video Wall<\/p>\t\t\t\t\t<\/div>\n\t\t\t\t\n\t\t\t<\/div>\n\t\t<\/div>\n\t\t\t\t\t<\/li>\n\n\t\t\n\t\t\t<li\n\t\t\t\tclass=\"bdt-slideshow-item bdt-flex bdt-flex-middle bdt-flex-center elementor-repeater-item-77182bf\">\n\t\t\t\t\n\t\t\t\t\t\t\t\t\t\t\t\t\t<iframe src=\"\/\/www.youtube.com\/embed\/vzcUrA8InRc?autoplay=1&#038;mute=1&#038;controls=0&#038;showinfo=0&#038;rel=0&#038;loop=1&#038;modestbranding=1&#038;wmode=transparent&#038;playsinline=1&#038;playlist=vzcUrA8InRc\" allowfullscreen bdt-cover><\/iframe>\n\t\t\t\t\t\t\t\n\t\t\t\t\t\n\t\t\t\t\n\t\t\t\t\t\t<div class=\"bdt-prime-slider-wrapper\">\n\t\t\t<div class=\"bdt-prime-slider-content bdt-prime-slider-content\">\n\t\t\t\t<div class=\"bdt-prime-slider-desc\">\n\n\t\t\t\t\t\n\t\t\t\t\t\t\t\t\t\t\t<div data-reveal=\"reveal-active\" class=\"bdt-main-title\" data-bdt-slideshow-parallax=\"x: 100,0,-20; opacity: 1,1,0\">\n\t\t\t\t\t\t\t<h1\t\t\t\t\t\t\t\tclass=\"bdt-title-tag\">\n\t\t\t\t\t\t\t\t\t\t\t\t\t\t\t\t\tBAR <br>HOYO 19\t\t\t\t\t\t\t\t\t\t\t\t\t\t\t\t<\/h1>\n\t\t\t\t\t\t<\/div>\n\t\t\t\t\t\n\t\t\t\t\t\n\t\t\t\t\t<div data-bdt-slideshow-parallax=\"x: 150,0,-30; opacity: 1,1,0\">\n\t\t\t\t\t\t<div class=\"bdt-btn-wrapper\">\n\t\t\t\t\t\t\t\n\t\t\t\t\t\t\t\t<\/div>\n\t\t\t\t\t<\/div>\n\t\t\t\t<\/div>\n\n\t\t\t\t\t\t\t\t\t<div data-reveal=\"reveal-active\" class=\"bdt-slider-excerpt\" data-bdt-slideshow-parallax=\"y: 50,0,-10; opacity: 1,1,0\">\n\t\t\t\t\t\t<p>Spaces specially designed for your entertainment and relaxation.<\/p>\t\t\t\t\t<\/div>\n\t\t\t\t\n\t\t\t<\/div>\n\t\t<\/div>\n\t\t\t\t\t<\/li>\n\n\t\t\n\t\t\t<li\n\t\t\t\tclass=\"bdt-slideshow-item bdt-flex bdt-flex-middle bdt-flex-center elementor-repeater-item-d99e195\">\n\t\t\t\t\n\t\t\t\t\t\t\t\t\t\t\t\t\t<iframe src=\"\/\/www.youtube.com\/embed\/vzcUrA8InRc?autoplay=1&#038;mute=1&#038;controls=0&#038;showinfo=0&#038;rel=0&#038;loop=1&#038;modestbranding=1&#038;wmode=transparent&#038;playsinline=1&#038;playlist=vzcUrA8InRc\" allowfullscreen bdt-cover><\/iframe>\n\t\t\t\t\t\t\t\n\t\t\t\t\t\n\t\t\t\t\n\t\t\t\t\t\t<div class=\"bdt-prime-slider-wrapper\">\n\t\t\t<div class=\"bdt-prime-slider-content bdt-prime-slider-content bdt-prime-slider-content\">\n\t\t\t\t<div class=\"bdt-prime-slider-desc\">\n\n\t\t\t\t\t\n\t\t\t\t\t\t\t\t\t\t\t<div data-reveal=\"reveal-active\" class=\"bdt-main-title\" data-bdt-slideshow-parallax=\"x: 100,0,-20; opacity: 1,1,0\">\n\t\t\t\t\t\t\t<h1\t\t\t\t\t\t\t\tclass=\"bdt-title-tag\">\n\t\t\t\t\t\t\t\t\t\t\t\t\t\t\t\t\tSAL\u00d3N <br>DE JUEGOS\t\t\t\t\t\t\t\t\t\t\t\t\t\t\t\t<\/h1>\n\t\t\t\t\t\t<\/div>\n\t\t\t\t\t\n\t\t\t\t\t\n\t\t\t\t\t<div data-bdt-slideshow-parallax=\"x: 150,0,-30; opacity: 1,1,0\">\n\t\t\t\t\t\t<div class=\"bdt-btn-wrapper\">\n\t\t\t\t\t\t\t\n\t\t\t\t\t\t\t\t<\/div>\n\t\t\t\t\t<\/div>\n\t\t\t\t<\/div>\n\n\t\t\t\t\t\t\t\t\t<div data-reveal=\"reveal-active\" class=\"bdt-slider-excerpt\" data-bdt-slideshow-parallax=\"y: 50,0,-10; opacity: 1,1,0\">\n\t\t\t\t\t\t<p>Immerse yourself in the excitement of poker and entertainment<\/p>\t\t\t\t\t<\/div>\n\t\t\t\t\n\t\t\t<\/div>\n\t\t<\/div>\n\t\t\t\t\t<\/li>\n\n\t\t\n\t\t\t\t\t<\/ul>\n\t\t\t\t\t\n\t\t\n\t\t\t\t\t\t\t\n\t\t\t\t\t<div >\n\t\t\t\t<ul class=\"bdt-slideshow-nav bdt-dotnav bdt-margin-large bdt-position-bottom-left bdt-text-center reveal-muted\">\n\t\t\t\t<\/ul>\n\t\t\t<\/div>\n\t\t\n\t\t\t\t\t\t<\/div>\n\t\t\t\t\t\t\t\t\t\t\t<\/div>\n\t\t<\/div>\n\t\t\t\t\t\t<\/div>\n\t\t\t\t<\/div>\n\t\t\t\t<\/div>\n\t\t\t\t<\/div>\n\t\t<div class=\"elementor-element elementor-element-12e0565 e-con-full e-flex e-con e-parent\" data-id=\"12e0565\" data-element_type=\"container\" data-settings=\"{&quot;_ha_eqh_enable&quot;:false}\">\n\t\t\t\t<div class=\"elementor-element elementor-element-b192256 elementor-widget elementor-widget-image-gallery\" data-id=\"b192256\" data-element_type=\"widget\" data-widget_type=\"image-gallery.default\">\n\t\t\t\t<div class=\"elementor-widget-container\">\n\t\t\t\t\t\t\t<div class=\"elementor-image-gallery\">\n\t\t\t<div id='gallery-1' class='gallery galleryid-8745 gallery-columns-3 gallery-size-large'><figure class='gallery-item'>\n\t\t\t<div class='gallery-icon landscape'>\n\t\t\t\t<a data-elementor-open-lightbox=\"yes\" data-elementor-lightbox-slideshow=\"b192256\" data-elementor-lightbox-title=\"Bartolo-Bar9\" data-e-action-hash=\"#elementor-action%3Aaction%3Dlightbox%26settings%3DeyJpZCI6MTUxNzEsInVybCI6Imh0dHBzOlwvXC9jYW1wZXN0cmVidWNhcmFtYW5nYS5jb21cL3dwLWNvbnRlbnRcL3VwbG9hZHNcLzIwMjRcLzA1XC9CYXJ0b2xvLUJhcjkuanBnIiwic2xpZGVzaG93IjoiYjE5MjI1NiJ9\" href='https:\/\/campestrebucaramanga.com\/wp-content\/uploads\/2024\/05\/Bartolo-Bar9.jpg'><img fetchpriority=\"high\" decoding=\"async\" width=\"800\" height=\"600\" src=\"https:\/\/campestrebucaramanga.com\/wp-content\/uploads\/2024\/05\/Bartolo-Bar9.jpg\" class=\"attachment-large size-large\" alt=\"\" srcset=\"https:\/\/campestrebucaramanga.com\/wp-content\/uploads\/2024\/05\/Bartolo-Bar9.jpg 1024w, https:\/\/campestrebucaramanga.com\/wp-content\/uploads\/2024\/05\/Bartolo-Bar9-300x225.jpg 300w, https:\/\/campestrebucaramanga.com\/wp-content\/uploads\/2024\/05\/Bartolo-Bar9-768x576.jpg 768w\" sizes=\"(max-width: 800px) 100vw, 800px\" \/><\/a>\n\t\t\t<\/div><\/figure><figure class='gallery-item'>\n\t\t\t<div class='gallery-icon landscape'>\n\t\t\t\t<a data-elementor-open-lightbox=\"yes\" data-elementor-lightbox-slideshow=\"b192256\" data-elementor-lightbox-title=\"Bartolo-Bar\" data-e-action-hash=\"#elementor-action%3Aaction%3Dlightbox%26settings%3DeyJpZCI6MTUxNzIsInVybCI6Imh0dHBzOlwvXC9jYW1wZXN0cmVidWNhcmFtYW5nYS5jb21cL3dwLWNvbnRlbnRcL3VwbG9hZHNcLzIwMjRcLzA1XC9CYXJ0b2xvLUJhci5qcGciLCJzbGlkZXNob3ciOiJiMTkyMjU2In0%3D\" href='https:\/\/campestrebucaramanga.com\/wp-content\/uploads\/2024\/05\/Bartolo-Bar.jpg'><img decoding=\"async\" width=\"800\" height=\"600\" src=\"https:\/\/campestrebucaramanga.com\/wp-content\/uploads\/2024\/05\/Bartolo-Bar.jpg\" class=\"attachment-large size-large\" alt=\"\" srcset=\"https:\/\/campestrebucaramanga.com\/wp-content\/uploads\/2024\/05\/Bartolo-Bar.jpg 1024w, https:\/\/campestrebucaramanga.com\/wp-content\/uploads\/2024\/05\/Bartolo-Bar-300x225.jpg 300w, https:\/\/campestrebucaramanga.com\/wp-content\/uploads\/2024\/05\/Bartolo-Bar-768x576.jpg 768w\" sizes=\"(max-width: 800px) 100vw, 800px\" \/><\/a>\n\t\t\t<\/div><\/figure><figure class='gallery-item'>\n\t\t\t<div class='gallery-icon landscape'>\n\t\t\t\t<a data-elementor-open-lightbox=\"yes\" data-elementor-lightbox-slideshow=\"b192256\" data-elementor-lightbox-title=\"Bartolo-Bar1\" data-e-action-hash=\"#elementor-action%3Aaction%3Dlightbox%26settings%3DeyJpZCI6MTUxNzMsInVybCI6Imh0dHBzOlwvXC9jYW1wZXN0cmVidWNhcmFtYW5nYS5jb21cL3dwLWNvbnRlbnRcL3VwbG9hZHNcLzIwMjRcLzA1XC9CYXJ0b2xvLUJhcjEuanBnIiwic2xpZGVzaG93IjoiYjE5MjI1NiJ9\" href='https:\/\/campestrebucaramanga.com\/wp-content\/uploads\/2024\/05\/Bartolo-Bar1.jpg'><img decoding=\"async\" width=\"800\" height=\"600\" src=\"https:\/\/campestrebucaramanga.com\/wp-content\/uploads\/2024\/05\/Bartolo-Bar1.jpg\" class=\"attachment-large size-large\" alt=\"\" srcset=\"https:\/\/campestrebucaramanga.com\/wp-content\/uploads\/2024\/05\/Bartolo-Bar1.jpg 1024w, https:\/\/campestrebucaramanga.com\/wp-content\/uploads\/2024\/05\/Bartolo-Bar1-300x225.jpg 300w, https:\/\/campestrebucaramanga.com\/wp-content\/uploads\/2024\/05\/Bartolo-Bar1-768x576.jpg 768w\" sizes=\"(max-width: 800px) 100vw, 800px\" \/><\/a>\n\t\t\t<\/div><\/figure><figure class='gallery-item'>\n\t\t\t<div class='gallery-icon landscape'>\n\t\t\t\t<a data-elementor-open-lightbox=\"yes\" data-elementor-lightbox-slideshow=\"b192256\" data-elementor-lightbox-title=\"Bartolo-Bar3\" data-e-action-hash=\"#elementor-action%3Aaction%3Dlightbox%26settings%3DeyJpZCI6MTUxNzUsInVybCI6Imh0dHBzOlwvXC9jYW1wZXN0cmVidWNhcmFtYW5nYS5jb21cL3dwLWNvbnRlbnRcL3VwbG9hZHNcLzIwMjRcLzA1XC9CYXJ0b2xvLUJhcjMuanBnIiwic2xpZGVzaG93IjoiYjE5MjI1NiJ9\" href='https:\/\/campestrebucaramanga.com\/wp-content\/uploads\/2024\/05\/Bartolo-Bar3.jpg'><img loading=\"lazy\" decoding=\"async\" width=\"800\" height=\"600\" src=\"https:\/\/campestrebucaramanga.com\/wp-content\/uploads\/2024\/05\/Bartolo-Bar3.jpg\" class=\"attachment-large size-large\" alt=\"\" srcset=\"https:\/\/campestrebucaramanga.com\/wp-content\/uploads\/2024\/05\/Bartolo-Bar3.jpg 1024w, https:\/\/campestrebucaramanga.com\/wp-content\/uploads\/2024\/05\/Bartolo-Bar3-300x225.jpg 300w, https:\/\/campestrebucaramanga.com\/wp-content\/uploads\/2024\/05\/Bartolo-Bar3-768x576.jpg 768w\" sizes=\"(max-width: 800px) 100vw, 800px\" \/><\/a>\n\t\t\t<\/div><\/figure><figure class='gallery-item'>\n\t\t\t<div class='gallery-icon landscape'>\n\t\t\t\t<a data-elementor-open-lightbox=\"yes\" data-elementor-lightbox-slideshow=\"b192256\" data-elementor-lightbox-title=\"Bartolo-Bar4\" data-e-action-hash=\"#elementor-action%3Aaction%3Dlightbox%26settings%3DeyJpZCI6MTUxNzYsInVybCI6Imh0dHBzOlwvXC9jYW1wZXN0cmVidWNhcmFtYW5nYS5jb21cL3dwLWNvbnRlbnRcL3VwbG9hZHNcLzIwMjRcLzA1XC9CYXJ0b2xvLUJhcjQuanBnIiwic2xpZGVzaG93IjoiYjE5MjI1NiJ9\" href='https:\/\/campestrebucaramanga.com\/wp-content\/uploads\/2024\/05\/Bartolo-Bar4.jpg'><img loading=\"lazy\" decoding=\"async\" width=\"800\" height=\"600\" src=\"https:\/\/campestrebucaramanga.com\/wp-content\/uploads\/2024\/05\/Bartolo-Bar4.jpg\" class=\"attachment-large size-large\" alt=\"\" srcset=\"https:\/\/campestrebucaramanga.com\/wp-content\/uploads\/2024\/05\/Bartolo-Bar4.jpg 1024w, https:\/\/campestrebucaramanga.com\/wp-content\/uploads\/2024\/05\/Bartolo-Bar4-300x225.jpg 300w, https:\/\/campestrebucaramanga.com\/wp-content\/uploads\/2024\/05\/Bartolo-Bar4-768x576.jpg 768w\" sizes=\"(max-width: 800px) 100vw, 800px\" \/><\/a>\n\t\t\t<\/div><\/figure><figure class='gallery-item'>\n\t\t\t<div class='gallery-icon landscape'>\n\t\t\t\t<a data-elementor-open-lightbox=\"yes\" data-elementor-lightbox-slideshow=\"b192256\" data-elementor-lightbox-title=\"Bartolo-Bar6\" data-e-action-hash=\"#elementor-action%3Aaction%3Dlightbox%26settings%3DeyJpZCI6MTUxNzcsInVybCI6Imh0dHBzOlwvXC9jYW1wZXN0cmVidWNhcmFtYW5nYS5jb21cL3dwLWNvbnRlbnRcL3VwbG9hZHNcLzIwMjRcLzA1XC9CYXJ0b2xvLUJhcjYuanBnIiwic2xpZGVzaG93IjoiYjE5MjI1NiJ9\" href='https:\/\/campestrebucaramanga.com\/wp-content\/uploads\/2024\/05\/Bartolo-Bar6.jpg'><img loading=\"lazy\" decoding=\"async\" width=\"800\" height=\"600\" src=\"https:\/\/campestrebucaramanga.com\/wp-content\/uploads\/2024\/05\/Bartolo-Bar6.jpg\" class=\"attachment-large size-large\" alt=\"\" srcset=\"https:\/\/campestrebucaramanga.com\/wp-content\/uploads\/2024\/05\/Bartolo-Bar6.jpg 1024w, https:\/\/campestrebucaramanga.com\/wp-content\/uploads\/2024\/05\/Bartolo-Bar6-300x225.jpg 300w, https:\/\/campestrebucaramanga.com\/wp-content\/uploads\/2024\/05\/Bartolo-Bar6-768x576.jpg 768w\" sizes=\"(max-width: 800px) 100vw, 800px\" \/><\/a>\n\t\t\t<\/div><\/figure><figure class='gallery-item'>\n\t\t\t<div class='gallery-icon landscape'>\n\t\t\t\t<a data-elementor-open-lightbox=\"yes\" data-elementor-lightbox-slideshow=\"b192256\" data-elementor-lightbox-title=\"Hoyo 19 (Bar Golfistas)\" data-e-action-hash=\"#elementor-action%3Aaction%3Dlightbox%26settings%3DeyJpZCI6MTU1OTksInVybCI6Imh0dHBzOlwvXC9jYW1wZXN0cmVidWNhcmFtYW5nYS5jb21cL3dwLWNvbnRlbnRcL3VwbG9hZHNcLzIwMjRcLzA1XC9Ib3lvLTE5LUJhci1Hb2xmaXN0YXMtc2NhbGVkLmpwZyIsInNsaWRlc2hvdyI6ImIxOTIyNTYifQ%3D%3D\" href='https:\/\/campestrebucaramanga.com\/wp-content\/uploads\/2024\/05\/Hoyo-19-Bar-Golfistas-scaled.jpg'><img loading=\"lazy\" decoding=\"async\" width=\"800\" height=\"530\" src=\"https:\/\/campestrebucaramanga.com\/wp-content\/uploads\/2024\/05\/Hoyo-19-Bar-Golfistas-1024x678.jpg\" class=\"attachment-large size-large\" alt=\"\" srcset=\"https:\/\/campestrebucaramanga.com\/wp-content\/uploads\/2024\/05\/Hoyo-19-Bar-Golfistas-1024x678.jpg 1024w, https:\/\/campestrebucaramanga.com\/wp-content\/uploads\/2024\/05\/Hoyo-19-Bar-Golfistas-300x199.jpg 300w, https:\/\/campestrebucaramanga.com\/wp-content\/uploads\/2024\/05\/Hoyo-19-Bar-Golfistas-768x509.jpg 768w, https:\/\/campestrebucaramanga.com\/wp-content\/uploads\/2024\/05\/Hoyo-19-Bar-Golfistas-1536x1017.jpg 1536w, https:\/\/campestrebucaramanga.com\/wp-content\/uploads\/2024\/05\/Hoyo-19-Bar-Golfistas-2048x1356.jpg 2048w, https:\/\/campestrebucaramanga.com\/wp-content\/uploads\/2024\/05\/Hoyo-19-Bar-Golfistas-18x12.jpg 18w\" sizes=\"(max-width: 800px) 100vw, 800px\" \/><\/a>\n\t\t\t<\/div><\/figure><figure class='gallery-item'>\n\t\t\t<div class='gallery-icon landscape'>\n\t\t\t\t<a data-elementor-open-lightbox=\"yes\" data-elementor-lightbox-slideshow=\"b192256\" data-elementor-lightbox-title=\"Hoyo 19 (Ber Golfistas)\" data-e-action-hash=\"#elementor-action%3Aaction%3Dlightbox%26settings%3DeyJpZCI6MTU2MDAsInVybCI6Imh0dHBzOlwvXC9jYW1wZXN0cmVidWNhcmFtYW5nYS5jb21cL3dwLWNvbnRlbnRcL3VwbG9hZHNcLzIwMjRcLzA1XC9Ib3lvLTE5LUJlci1Hb2xmaXN0YXMtc2NhbGVkLmpwZyIsInNsaWRlc2hvdyI6ImIxOTIyNTYifQ%3D%3D\" href='https:\/\/campestrebucaramanga.com\/wp-content\/uploads\/2024\/05\/Hoyo-19-Ber-Golfistas-scaled.jpg'><img loading=\"lazy\" decoding=\"async\" width=\"800\" height=\"530\" src=\"https:\/\/campestrebucaramanga.com\/wp-content\/uploads\/2024\/05\/Hoyo-19-Ber-Golfistas-1024x678.jpg\" class=\"attachment-large size-large\" alt=\"\" srcset=\"https:\/\/campestrebucaramanga.com\/wp-content\/uploads\/2024\/05\/Hoyo-19-Ber-Golfistas-1024x678.jpg 1024w, https:\/\/campestrebucaramanga.com\/wp-content\/uploads\/2024\/05\/Hoyo-19-Ber-Golfistas-300x199.jpg 300w, https:\/\/campestrebucaramanga.com\/wp-content\/uploads\/2024\/05\/Hoyo-19-Ber-Golfistas-768x509.jpg 768w, https:\/\/campestrebucaramanga.com\/wp-content\/uploads\/2024\/05\/Hoyo-19-Ber-Golfistas-1536x1017.jpg 1536w, https:\/\/campestrebucaramanga.com\/wp-content\/uploads\/2024\/05\/Hoyo-19-Ber-Golfistas-2048x1356.jpg 2048w, https:\/\/campestrebucaramanga.com\/wp-content\/uploads\/2024\/05\/Hoyo-19-Ber-Golfistas-18x12.jpg 18w\" sizes=\"(max-width: 800px) 100vw, 800px\" \/><\/a>\n\t\t\t<\/div><\/figure><figure class='gallery-item'>\n\t\t\t<div class='gallery-icon landscape'>\n\t\t\t\t<a data-elementor-open-lightbox=\"yes\" data-elementor-lightbox-slideshow=\"b192256\" data-elementor-lightbox-title=\"IMG_9604\" data-e-action-hash=\"#elementor-action%3Aaction%3Dlightbox%26settings%3DeyJpZCI6MTU2MDEsInVybCI6Imh0dHBzOlwvXC9jYW1wZXN0cmVidWNhcmFtYW5nYS5jb21cL3dwLWNvbnRlbnRcL3VwbG9hZHNcLzIwMjRcLzA1XC9JTUdfOTYwNC1zY2FsZWQuanBnIiwic2xpZGVzaG93IjoiYjE5MjI1NiJ9\" href='https:\/\/campestrebucaramanga.com\/wp-content\/uploads\/2024\/05\/IMG_9604-scaled.jpg'><img loading=\"lazy\" decoding=\"async\" width=\"800\" height=\"534\" src=\"https:\/\/campestrebucaramanga.com\/wp-content\/uploads\/2024\/05\/IMG_9604-1024x683.jpg\" class=\"attachment-large size-large\" alt=\"\" srcset=\"https:\/\/campestrebucaramanga.com\/wp-content\/uploads\/2024\/05\/IMG_9604-1024x683.jpg 1024w, https:\/\/campestrebucaramanga.com\/wp-content\/uploads\/2024\/05\/IMG_9604-300x200.jpg 300w, https:\/\/campestrebucaramanga.com\/wp-content\/uploads\/2024\/05\/IMG_9604-768x512.jpg 768w, https:\/\/campestrebucaramanga.com\/wp-content\/uploads\/2024\/05\/IMG_9604-1536x1024.jpg 1536w, https:\/\/campestrebucaramanga.com\/wp-content\/uploads\/2024\/05\/IMG_9604-2048x1365.jpg 2048w, https:\/\/campestrebucaramanga.com\/wp-content\/uploads\/2024\/05\/IMG_9604-18x12.jpg 18w\" sizes=\"(max-width: 800px) 100vw, 800px\" \/><\/a>\n\t\t\t<\/div><\/figure><figure class='gallery-item'>\n\t\t\t<div class='gallery-icon landscape'>\n\t\t\t\t<a data-elementor-open-lightbox=\"yes\" data-elementor-lightbox-slideshow=\"b192256\" data-elementor-lightbox-title=\"IMG_9616\" data-e-action-hash=\"#elementor-action%3Aaction%3Dlightbox%26settings%3DeyJpZCI6MTU2MDMsInVybCI6Imh0dHBzOlwvXC9jYW1wZXN0cmVidWNhcmFtYW5nYS5jb21cL3dwLWNvbnRlbnRcL3VwbG9hZHNcLzIwMjRcLzA1XC9JTUdfOTYxNi1zY2FsZWQuanBnIiwic2xpZGVzaG93IjoiYjE5MjI1NiJ9\" href='https:\/\/campestrebucaramanga.com\/wp-content\/uploads\/2024\/05\/IMG_9616-scaled.jpg'><img loading=\"lazy\" decoding=\"async\" width=\"800\" height=\"534\" src=\"https:\/\/campestrebucaramanga.com\/wp-content\/uploads\/2024\/05\/IMG_9616-1024x683.jpg\" class=\"attachment-large size-large\" alt=\"\" srcset=\"https:\/\/campestrebucaramanga.com\/wp-content\/uploads\/2024\/05\/IMG_9616-1024x683.jpg 1024w, https:\/\/campestrebucaramanga.com\/wp-content\/uploads\/2024\/05\/IMG_9616-300x200.jpg 300w, https:\/\/campestrebucaramanga.com\/wp-content\/uploads\/2024\/05\/IMG_9616-768x512.jpg 768w, https:\/\/campestrebucaramanga.com\/wp-content\/uploads\/2024\/05\/IMG_9616-1536x1024.jpg 1536w, https:\/\/campestrebucaramanga.com\/wp-content\/uploads\/2024\/05\/IMG_9616-2048x1365.jpg 2048w, https:\/\/campestrebucaramanga.com\/wp-content\/uploads\/2024\/05\/IMG_9616-18x12.jpg 18w\" sizes=\"(max-width: 800px) 100vw, 800px\" \/><\/a>\n\t\t\t<\/div><\/figure><figure class='gallery-item'>\n\t\t\t<div class='gallery-icon landscape'>\n\t\t\t\t<a data-elementor-open-lightbox=\"yes\" data-elementor-lightbox-slideshow=\"b192256\" data-elementor-lightbox-title=\"IMG_9631\" data-e-action-hash=\"#elementor-action%3Aaction%3Dlightbox%26settings%3DeyJpZCI6MTU2MDQsInVybCI6Imh0dHBzOlwvXC9jYW1wZXN0cmVidWNhcmFtYW5nYS5jb21cL3dwLWNvbnRlbnRcL3VwbG9hZHNcLzIwMjRcLzA1XC9JTUdfOTYzMS1zY2FsZWQuanBnIiwic2xpZGVzaG93IjoiYjE5MjI1NiJ9\" href='https:\/\/campestrebucaramanga.com\/wp-content\/uploads\/2024\/05\/IMG_9631-scaled.jpg'><img loading=\"lazy\" decoding=\"async\" width=\"800\" height=\"534\" src=\"https:\/\/campestrebucaramanga.com\/wp-content\/uploads\/2024\/05\/IMG_9631-1024x683.jpg\" class=\"attachment-large size-large\" alt=\"\" srcset=\"https:\/\/campestrebucaramanga.com\/wp-content\/uploads\/2024\/05\/IMG_9631-1024x683.jpg 1024w, https:\/\/campestrebucaramanga.com\/wp-content\/uploads\/2024\/05\/IMG_9631-300x200.jpg 300w, https:\/\/campestrebucaramanga.com\/wp-content\/uploads\/2024\/05\/IMG_9631-768x512.jpg 768w, https:\/\/campestrebucaramanga.com\/wp-content\/uploads\/2024\/05\/IMG_9631-1536x1024.jpg 1536w, https:\/\/campestrebucaramanga.com\/wp-content\/uploads\/2024\/05\/IMG_9631-2048x1365.jpg 2048w, https:\/\/campestrebucaramanga.com\/wp-content\/uploads\/2024\/05\/IMG_9631-18x12.jpg 18w\" sizes=\"(max-width: 800px) 100vw, 800px\" \/><\/a>\n\t\t\t<\/div><\/figure><figure class='gallery-item'>\n\t\t\t<div class='gallery-icon landscape'>\n\t\t\t\t<a data-elementor-open-lightbox=\"yes\" data-elementor-lightbox-slideshow=\"b192256\" data-elementor-lightbox-title=\"IMG_9632\" data-e-action-hash=\"#elementor-action%3Aaction%3Dlightbox%26settings%3DeyJpZCI6MTU2MDUsInVybCI6Imh0dHBzOlwvXC9jYW1wZXN0cmVidWNhcmFtYW5nYS5jb21cL3dwLWNvbnRlbnRcL3VwbG9hZHNcLzIwMjRcLzA1XC9JTUdfOTYzMi1zY2FsZWQuanBnIiwic2xpZGVzaG93IjoiYjE5MjI1NiJ9\" href='https:\/\/campestrebucaramanga.com\/wp-content\/uploads\/2024\/05\/IMG_9632-scaled.jpg'><img loading=\"lazy\" decoding=\"async\" width=\"800\" height=\"534\" src=\"https:\/\/campestrebucaramanga.com\/wp-content\/uploads\/2024\/05\/IMG_9632-1024x683.jpg\" class=\"attachment-large size-large\" alt=\"\" srcset=\"https:\/\/campestrebucaramanga.com\/wp-content\/uploads\/2024\/05\/IMG_9632-1024x683.jpg 1024w, https:\/\/campestrebucaramanga.com\/wp-content\/uploads\/2024\/05\/IMG_9632-300x200.jpg 300w, https:\/\/campestrebucaramanga.com\/wp-content\/uploads\/2024\/05\/IMG_9632-768x512.jpg 768w, https:\/\/campestrebucaramanga.com\/wp-content\/uploads\/2024\/05\/IMG_9632-1536x1024.jpg 1536w, https:\/\/campestrebucaramanga.com\/wp-content\/uploads\/2024\/05\/IMG_9632-2048x1365.jpg 2048w, https:\/\/campestrebucaramanga.com\/wp-content\/uploads\/2024\/05\/IMG_9632-18x12.jpg 18w\" sizes=\"(max-width: 800px) 100vw, 800px\" \/><\/a>\n\t\t\t<\/div><\/figure>\n\t\t<\/div>\n\t\t<\/div>\n\t\t\t\t\t\t<\/div>\n\t\t\t\t<\/div>\n\t\t\t\t<\/div>\n\t\t\t\t<\/div>","protected":false},"excerpt":{"rendered":"<p>BARTOLO SPORTS BAR La experiencia se eleva con nuestro impresionante Video Wall BAR HOYO 19 Espacios dise\u00f1ados especialmente para su entretenimiento y relajaci\u00f3n. SAL\u00d3N DE JUEGOS Sum\u00e9rgete en la emoci\u00f3n del p\u00f3ker y el entretenimiento<\/p>","protected":false},"author":1,"featured_media":0,"parent":0,"menu_order":0,"comment_status":"closed","ping_status":"closed","template":"elementor_header_footer","meta":{"footnotes":""},"class_list":["post-8745","page","type-page","status-publish","hentry"],"_links":{"self":[{"href":"https:\/\/campestrebucaramanga.com\/en\/wp-json\/wp\/v2\/pages\/8745","targetHints":{"allow":["GET"]}}],"collection":[{"href":"https:\/\/campestrebucaramanga.com\/en\/wp-json\/wp\/v2\/pages"}],"about":[{"href":"https:\/\/campestrebucaramanga.com\/en\/wp-json\/wp\/v2\/types\/page"}],"author":[{"embeddable":true,"href":"https:\/\/campestrebucaramanga.com\/en\/wp-json\/wp\/v2\/users\/1"}],"replies":[{"embeddable":true,"href":"https:\/\/campestrebucaramanga.com\/en\/wp-json\/wp\/v2\/comments?post=8745"}],"version-history":[{"count":223,"href":"https:\/\/campestrebucaramanga.com\/en\/wp-json\/wp\/v2\/pages\/8745\/revisions"}],"predecessor-version":[{"id":15785,"href":"https:\/\/campestrebucaramanga.com\/en\/wp-json\/wp\/v2\/pages\/8745\/revisions\/15785"}],"wp:attachment":[{"href":"https:\/\/campestrebucaramanga.com\/en\/wp-json\/wp\/v2\/media?parent=8745"}],"curies":[{"name":"wp","href":"https:\/\/api.w.org\/{rel}","templated":true}]}}